{"id":14,"date":"2014-01-28T01:35:37","date_gmt":"2014-01-28T00:35:37","guid":{"rendered":"http:\/\/oderaner.de\/usc\/?page_id=14"},"modified":"2025-02-26T09:55:46","modified_gmt":"2025-02-26T08:55:46","slug":"impressum","status":"publish","type":"page","link":"https:\/\/usc-bogensport-ffo.de\/?page_id=14","title":{"rendered":"Impressum"},"content":{"rendered":"<table class=\" alignleft\" style=\"height: 196px;\" border=\"0\" width=\"678\" cellspacing=\"10\" cellpadding=\"10\">\n<tbody>\n<tr>\n<td align=\"left\" valign=\"top\" width=\"8%\">\u00a0<\/td>\n<td width=\"79%\">\n<p><span style=\"font-family: Verdana,Arial,Helvetica,sans-serif; font-size: small;\"><b>Verantwortliche Ansprechperson: <\/b><\/span><\/p>\n<p><span style=\"font-family: Verdana,Arial,Helvetica,sans-serif; font-size: small;\">Trainer Wojciech Gawor<br \/>\nKliestower Str. 97<br \/>\n15234 Frankfurt (Oder)<br \/>\nTel. 0049 1776494257<br \/>\nE-Mail <a href=\"mailto:w.gawor@web.de\">w.gawor at web.de<\/a> <\/span><\/p>\n<\/td>\n<\/tr>\n<\/tbody>\n<\/table>\n<p style=\"text-align: left;\"><span style=\"font-family: Verdana,Arial,Helvetica,sans-serif; font-size: small;\"><b>Vervielf\u00e4ltigung: <\/b><\/span><\/p>\n<p style=\"text-align: justify;\"><span style=\"font-family: Verdana,Arial,Helvetica,sans-serif; font-size: small;\">Gem\u00e4\u00df \u00a728 BDSG widerspreche ich jeder kommerziellen Verwendung und Weitergabe meiner Daten. Alle hier angezeigten Texte und Bilder unterliegen dem Copyright der jeweiligen Besitzer.<br \/>\n<\/span><span style=\"font-family: Verdana,Arial,Helvetica,sans-serif; font-size: small;\">Private oder gewerbliche Vervielf\u00e4ltigung und\/oder die Ver\u00f6ffentlichung &#8211; auch auszugsweise &#8211; ist ohne Zustimmung nicht gestattet!<\/span><\/p>\n<p>&nbsp;<\/p>\n<p style=\"text-align: justify;\"><span style=\"font-family: Verdana,Arial,Helvetica,sans-serif; font-size: small;\"><b>Verweise und Links:<\/b><\/span><\/p>\n<p style=\"text-align: justify;\"><span style=\"font-family: Verdana,Arial,Helvetica,sans-serif; font-size: small;\">Bei direkten oder indirekten Verweisen auf fremde Internetseiten, die au\u00dferhalb des Verantwortungsbereiches des Autors liegen, w\u00fcrde eine Haftungsverpflichtung ausschlie\u00dflich in dem Fall in Kraft treten, in dem der Autor von den Inhalten Kenntnis hat und es ihm technisch m\u00f6glich und zumutbar w\u00e4re,die Nutzung im Falle rechtswidriger Inhalte zu verhindern. Der Autor erkl\u00e4rt hiermit ausdr\u00fccklich, dass zum Zeitpunkt der Linksetzung (Verweise) keine illegalen Inhalte auf den zu verlinkenden Seiten erkennbar waren. Auf die aktuelle und zuk\u00fcnftige Gestaltung, die Inhalte oder Urheberschaft der gelinkten\/verkn\u00fcpften Seiten hat der Autor keinerlei Einfluss.Deshalb distanziert er sich hiermit ausdr\u00fccklich von allen Inhalten aller gelinkten\/verkn\u00fcpften Seiten, die nach der Linksetzung ver\u00e4ndert wurden.<\/span> <span style=\"font-family: Verdana,Arial,Helvetica,sans-serif; font-size: small;\"><b>Keine Haftung:<\/b><\/span> <span style=\"font-family: Verdana,Arial,Helvetica,sans-serif; font-size: small;\">Die Inhalte dieses Webprojektes wurden sorgf\u00e4ltig gepr\u00fcft und nach bestem Wissen erstellt. Aber f\u00fcr die hier dargebotenen Informationen wird kein Anspruch auf Vollst\u00e4ndigkeit, Aktualit\u00e4t, Qualit\u00e4t und Richtigkeit erhoben. Es kann keine Verantwortung f\u00fcr Sch\u00e4den \u00fcbernommen werden, die durch das Vertrauen auf die Inhalte dieser Website oder deren Gebrauch entstehen.<\/span> <span style=\"font-family: Verdana,Arial,Helvetica,sans-serif; font-size: small;\"><b>Schutzrechtsverletzung:<\/b><\/span> <span style=\"font-family: Verdana,Arial,Helvetica,sans-serif; font-size: small;\">Fals Sie vermuten, dass von dieser Website aus eines Ihrer Schutzrechte verletzt wird, teilen Sie das bitte umgehend per elektronischer Post ( w.gawor@web.de ) mit, damit z\u00fcgig Abhilfe geschaffen werden kann.<\/span> <span style=\"font-family: Verdana,Arial,Helvetica,sans-serif; font-size: xx-small;\"><b>Und jetzt das Gleiche noch einmal, aber proffesioneller<\/b><\/span><span style=\"font-family: Verdana,Arial,Helvetica,sans-serif; font-size: small;\"> &#8211;&gt; <a href=\"http:\/\/www.bogensport.uni-frankfurt-o.de\/Disclaimer.html\">hier<\/a><\/span><\/p>\n<p>[:en]<\/p>\n<table class=\" alignleft\" style=\"height: 196px;\" border=\"0\" width=\"678\" cellspacing=\"10\" cellpadding=\"10\">\n<tbody>\n<tr>\n<td align=\"left\" valign=\"top\" width=\"8%\">\u00a0<\/td>\n<td width=\"79%\">\n<p><span style=\"font-family: Verdana,Arial,Helvetica,sans-serif; font-size: small;\"><b>Verantwortliche Ansprechperson: <\/b><\/span><\/p>\n<p><span style=\"font-family: Verdana,Arial,Helvetica,sans-serif; font-size: small;\">Trainer Wojciech Gawor<br \/>\nKliestower Str. 97<br \/>\n15234 Frankfurt (Oder)<br \/>\nTel. 0049 1776494257<br \/>\nE-Mail <a href=\"mailto:w.gawor@web.de\">w.gawor at web.de<\/a> <\/span><\/p>\n<\/td>\n<\/tr>\n<\/tbody>\n<\/table>\n<p style=\"text-align: left;\"><span style=\"font-family: Verdana,Arial,Helvetica,sans-serif; font-size: small;\"><b>Vervielf\u00e4ltigung: <\/b><\/span><\/p>\n<p style=\"text-align: left;\"><span style=\"font-family: Verdana,Arial,Helvetica,sans-serif; font-size: small;\">Gem\u00e4\u00df \u00a728 BDSG widerspreche ich jeder kommerziellen Verwendung und Weitergabe meiner Daten. Alle hier angezeigten Texte und Bilder unterliegen dem Copyright der jeweiligen Besitzer.<br \/>\n<\/span><span style=\"font-family: Verdana,Arial,Helvetica,sans-serif; font-size: small;\">Private oder gewerbliche Vervielf\u00e4ltigung und\/oder die Ver\u00f6ffentlichung &#8211; auch auszugsweise &#8211; ist ohne Zustimmung nicht gestattet!<\/span><\/p>\n<p><span style=\"font-family: Verdana,Arial,Helvetica,sans-serif; font-size: small;\"><b>Verweise und Links:<br \/>\n<\/b><\/span> <span style=\"font-family: Verdana,Arial,Helvetica,sans-serif; font-size: small;\">Bei direkten oder indirekten Verweisen auf fremde Internetseiten, die au\u00dferhalb des Verantwortungsbereiches des Autors liegen, w\u00fcrde eine Haftungsverpflichtung ausschlie\u00dflich in dem Fall in Kraft treten, in dem der Autor von den Inhalten Kenntnis hat und es ihm technisch m\u00f6glich und zumutbar w\u00e4re,die Nutzung im Falle rechtswidriger Inhalte zu verhindern. Der Autor erkl\u00e4rt hiermit ausdr\u00fccklich, dass zum Zeitpunkt der Linksetzung (Verweise) keine illegalen Inhalte auf den zu verlinkenden Seiten erkennbar waren. Auf die aktuelle und zuk\u00fcnftige Gestaltung, die Inhalte oder Urheberschaft der gelinkten\/verkn\u00fcpften Seiten hat der Autor keinerlei Einfluss.Deshalb distanziert er sich hiermit ausdr\u00fccklich von allen Inhalten aller gelinkten\/verkn\u00fcpften Seiten, die nach der Linksetzung ver\u00e4ndert wurden.<\/span> <span style=\"font-family: Verdana,Arial,Helvetica,sans-serif; font-size: small;\"><b>Keine Haftung:<\/b><\/span> <span style=\"font-family: Verdana,Arial,Helvetica,sans-serif; font-size: small;\">Die Inhalte dieses Webprojektes wurden sorgf\u00e4ltig gepr\u00fcft und nach bestem Wissen erstellt. Aber f\u00fcr die hier dargebotenen Informationen wird kein Anspruch auf Vollst\u00e4ndigkeit, Aktualit\u00e4t, Qualit\u00e4t und Richtigkeit erhoben. Es kann keine Verantwortung f\u00fcr Sch\u00e4den \u00fcbernommen werden, die durch das Vertrauen auf die Inhalte dieser Website oder deren Gebrauch entstehen.<\/span> <span style=\"font-family: Verdana,Arial,Helvetica,sans-serif; font-size: small;\"><b>Schutzrechtsverletzung:<\/b><\/span> <span style=\"font-family: Verdana,Arial,Helvetica,sans-serif; font-size: small;\">Fals Sie vermuten, dass von dieser Website aus eines Ihrer Schutzrechte verletzt wird, teilen Sie das bitte umgehend per elektronischer Post ( w.gawor@web.de ) mit, damit z\u00fcgig Abhilfe geschaffen werden kann.<\/span> <span style=\"font-family: Verdana,Arial,Helvetica,sans-serif; font-size: xx-small;\"><b>Und jetzt das Gleiche noch einmal, aber proffesioneller<\/b><\/span><span style=\"font-family: Verdana,Arial,Helvetica,sans-serif; font-size: small;\"> &#8211;&gt; <a href=\"http:\/\/www.bogensport.uni-frankfurt-o.de\/Disclaimer.html\">hier<\/a><\/span>\u00a0<\/p>\n<p>[:PL]<\/p>\n<table class=\" alignleft\" style=\"height: 196px;\" border=\"0\" width=\"678\" cellspacing=\"10\" cellpadding=\"10\">\n<tbody>\n<tr>\n<td align=\"left\" valign=\"top\" width=\"8%\">\u00a0<\/td>\n<td width=\"79%\">\n<p><span style=\"font-family: Verdana,Arial,Helvetica,sans-serif; font-size: small;\"><b>Osoba odpowiedzialna: <\/b><\/span><\/p>\n<p><span style=\"font-family: Verdana,Arial,Helvetica,sans-serif; font-size: small;\">Trener Wojciech Gawor<br \/>\nKliestower Str. 97<br \/>\n15234 Frankfurt (Oder)<br \/>\nTel. 0049 1776494257<br \/>\nE-Mail <a href=\"mailto:w.gawor@web.de\">w.gawor at web.de<\/a> <\/span><\/p>\n<\/td>\n<\/tr>\n<\/tbody>\n<\/table>\n<p style=\"text-align: left;\"><span style=\"font-family: Verdana,Arial,Helvetica,sans-serif; font-size: small;\"><b>Vervielf\u00e4ltigung: <\/b><\/span><\/p>\n<p style=\"text-align: left;\"><span style=\"font-family: Verdana,Arial,Helvetica,sans-serif; font-size: small;\">Gem\u00e4\u00df \u00a728 BDSG widerspreche ich jeder kommerziellen Verwendung und Weitergabe meiner Daten. Alle hier angezeigten Texte und Bilder unterliegen dem Copyright der jeweiligen Besitzer.<br \/>\n<\/span><span style=\"font-family: Verdana,Arial,Helvetica,sans-serif; font-size: small;\">Private oder gewerbliche Vervielf\u00e4ltigung und\/oder die Ver\u00f6ffentlichung &#8211; auch auszugsweise &#8211; ist ohne Zustimmung nicht gestattet!<\/span><\/p>\n<p><span style=\"font-family: Verdana,Arial,Helvetica,sans-serif; font-size: small;\"><b>Verweise und Links:<br \/>\n<\/b><\/span> <span style=\"font-family: Verdana,Arial,Helvetica,sans-serif; font-size: small;\">Bei direkten oder indirekten Verweisen auf fremde Internetseiten, die au\u00dferhalb des Verantwortungsbereiches des Autors liegen, w\u00fcrde eine Haftungsverpflichtung ausschlie\u00dflich in dem Fall in Kraft treten, in dem der Autor von den Inhalten Kenntnis hat und es ihm technisch m\u00f6glich und zumutbar w\u00e4re,die Nutzung im Falle rechtswidriger Inhalte zu verhindern. Der Autor erkl\u00e4rt hiermit ausdr\u00fccklich, dass zum Zeitpunkt der Linksetzung (Verweise) keine illegalen Inhalte auf den zu verlinkenden Seiten erkennbar waren. Auf die aktuelle und zuk\u00fcnftige Gestaltung, die Inhalte oder Urheberschaft der gelinkten\/verkn\u00fcpften Seiten hat der Autor keinerlei Einfluss.Deshalb distanziert er sich hiermit ausdr\u00fccklich von allen Inhalten aller gelinkten\/verkn\u00fcpften Seiten, die nach der Linksetzung ver\u00e4ndert wurden.<\/span> <span style=\"font-family: Verdana,Arial,Helvetica,sans-serif; font-size: small;\"><b>Keine Haftung:<\/b><\/span> <span style=\"font-family: Verdana,Arial,Helvetica,sans-serif; font-size: small;\">Die Inhalte dieses Webprojektes wurden sorgf\u00e4ltig gepr\u00fcft und nach bestem Wissen erstellt. Aber f\u00fcr die hier dargebotenen Informationen wird kein Anspruch auf Vollst\u00e4ndigkeit, Aktualit\u00e4t, Qualit\u00e4t und Richtigkeit erhoben. Es kann keine Verantwortung f\u00fcr Sch\u00e4den \u00fcbernommen werden, die durch das Vertrauen auf die Inhalte dieser Website oder deren Gebrauch entstehen.<\/span> <span style=\"font-family: Verdana,Arial,Helvetica,sans-serif; font-size: small;\"><b>Schutzrechtsverletzung:<\/b><\/span> <span style=\"font-family: Verdana,Arial,Helvetica,sans-serif; font-size: small;\">Fals Sie vermuten, dass von dieser Website aus eines Ihrer Schutzrechte verletzt wird, teilen Sie das bitte umgehend per elektronischer Post ( w.gawor@web.de ) mit, damit z\u00fcgig Abhilfe geschaffen werden kann.<\/span> <span style=\"font-family: Verdana,Arial,Helvetica,sans-serif; font-size: xx-small;\"><b>Und jetzt das Gleiche noch einmal, aber proffesioneller<\/b><\/span><span style=\"font-family: Verdana,Arial,Helvetica,sans-serif; font-size: small;\"> &#8211;&gt; <a href=\"http:\/\/www.bogensport.uni-frankfurt-o.de\/Disclaimer.html\">hier<\/a><\/span>\u00a0<\/p>\n<p>[:]<\/p>\n","protected":false},"excerpt":{"rendered":"<p>\u00a0 <\/p>\n<p>Verantwortliche Ansprechperson: <\/p>\n<p>Trainer Wojciech Gawor Kliestower Str. 97 15234 Frankfurt (Oder) Tel. 0049 1776494257 E-Mail <a href=\"mailto:w.gawor@web.de\">w.gawor at web.de<\/a> <\/p>\n<p style=\"text-align: left;\">Vervielf\u00e4ltigung: <\/p>\n<p style=\"text-align: justify;\">Gem\u00e4\u00df \u00a728 BDSG widerspreche ich jeder kommerziellen Verwendung und Weitergabe meiner Daten. Alle hier angezeigten Texte und Bilder unterliegen dem Copyright der jeweiligen Besitzer. Private oder gewerbliche &hellip; <\/p>\n<p><a class=\"more-link btn\" href=\"https:\/\/usc-bogensport-ffo.de\/?page_id=14\">Weiterlesen<\/a><\/p>\n","protected":false},"author":1,"featured_media":0,"parent":0,"menu_order":0,"comment_status":"closed","ping_status":"closed","template":"","meta":{"_mc_calendar":[],"footnotes":""},"class_list":["post-14","page","type-page","status-publish","hentry","nodate","item-wrap"],"_links":{"self":[{"href":"https:\/\/usc-bogensport-ffo.de\/index.php?rest_route=\/wp\/v2\/pages\/14","targetHints":{"allow":["GET"]}}],"collection":[{"href":"https:\/\/usc-bogensport-ffo.de\/index.php?rest_route=\/wp\/v2\/pages"}],"about":[{"href":"https:\/\/usc-bogensport-ffo.de\/index.php?rest_route=\/wp\/v2\/types\/page"}],"author":[{"embeddable":true,"href":"https:\/\/usc-bogensport-ffo.de\/index.php?rest_route=\/wp\/v2\/users\/1"}],"replies":[{"embeddable":true,"href":"https:\/\/usc-bogensport-ffo.de\/index.php?rest_route=%2Fwp%2Fv2%2Fcomments&post=14"}],"version-history":[{"count":25,"href":"https:\/\/usc-bogensport-ffo.de\/index.php?rest_route=\/wp\/v2\/pages\/14\/revisions"}],"predecessor-version":[{"id":2886,"href":"https:\/\/usc-bogensport-ffo.de\/index.php?rest_route=\/wp\/v2\/pages\/14\/revisions\/2886"}],"wp:attachment":[{"href":"https:\/\/usc-bogensport-ffo.de\/index.php?rest_route=%2Fwp%2Fv2%2Fmedia&parent=14"}],"curies":[{"name":"wp","href":"https:\/\/api.w.org\/{rel}","templated":true}]}}