{"id":152,"date":"2014-01-31T02:14:35","date_gmt":"2014-01-31T01:14:35","guid":{"rendered":"http:\/\/oderaner.de\/usc\/?page_id=152"},"modified":"2025-02-26T09:56:10","modified_gmt":"2025-02-26T08:56:10","slug":"ueber-uns","status":"publish","type":"page","link":"https:\/\/usc-bogensport-ffo.de\/?page_id=152","title":{"rendered":"\u00dcber uns"},"content":{"rendered":"<p>&nbsp;<\/p>\n<p>Unser Verein wurde 2006 gegr\u00fcndet und ist Mitglied des <a href=\"http:\/\/usc-viadrina.de\" target=\"_blank\" rel=\"noopener noreferrer\">USC Viadrina e.V.<\/a><\/p>\n<p>Wir schie\u00dfen haupts\u00e4chlich olympische Recurveb\u00f6gen, das hei\u00dft Recurveb\u00f6gen mit Visier und Stabilisatoren, wie man <a title=\"Bilder\" href=\"http:\/\/usc-bogensport-ffo.de\/?cat=15\">hier<\/a> auch sehen kann.<\/p>\n<p>Nat\u00fcrlich k\u00f6nnt Ihr auch gerne mit Lang-\u00a0 oder Blankb\u00f6gen bei uns trainieren kommen.<\/p>\n<p>F\u00fcr Anf\u00e4nger haben wir auch die passende Grundausr\u00fcstung zum Training da, Ihr ben\u00f6tigt also <strong>nicht <\/strong>gleich Euren eigenen Bogen.<\/p>\n<p>Und keine Angst, wir sind kein elit\u00e4rer Verein, der Spass am Sport steht bei uns an oberster Stelle.<\/p>\n<p><a href=\"http:\/\/usc-bogensport-ffo.de\/wp-content\/uploads\/2018\/09\/AufnahmeantragUSC2018_2.pdf\">Hier ist unser Aufnahmeantrag zum Ausf\u00fcllen.<\/a><\/p>\n<p>&nbsp;<\/p>\n","protected":false},"excerpt":{"rendered":"<p>&nbsp;<\/p>\n<p>Unser Verein wurde 2006 gegr\u00fcndet und ist Mitglied des <a href=\"http:\/\/usc-viadrina.de\" target=\"_blank\" rel=\"noopener noreferrer\">USC Viadrina e.V.<\/a><\/p>\n<p>Wir schie\u00dfen haupts\u00e4chlich olympische Recurveb\u00f6gen, das hei\u00dft Recurveb\u00f6gen mit Visier und Stabilisatoren, wie man <a title=\"Bilder\" href=\"http:\/\/usc-bogensport-ffo.de\/?cat=15\">hier<\/a> auch sehen kann.<\/p>\n<p>Nat\u00fcrlich k\u00f6nnt Ihr auch gerne mit Lang-\u00a0 oder Blankb\u00f6gen bei uns trainieren kommen.<\/p>\n<p>F\u00fcr Anf\u00e4nger haben wir auch &hellip; <\/p>\n<p><a class=\"more-link btn\" href=\"https:\/\/usc-bogensport-ffo.de\/?page_id=152\">Weiterlesen<\/a><\/p>\n","protected":false},"author":1,"featured_media":0,"parent":0,"menu_order":0,"comment_status":"closed","ping_status":"closed","template":"","meta":{"_mc_calendar":[],"footnotes":""},"class_list":["post-152","page","type-page","status-publish","hentry","nodate","item-wrap"],"_links":{"self":[{"href":"https:\/\/usc-bogensport-ffo.de\/index.php?rest_route=\/wp\/v2\/pages\/152","targetHints":{"allow":["GET"]}}],"collection":[{"href":"https:\/\/usc-bogensport-ffo.de\/index.php?rest_route=\/wp\/v2\/pages"}],"about":[{"href":"https:\/\/usc-bogensport-ffo.de\/index.php?rest_route=\/wp\/v2\/types\/page"}],"author":[{"embeddable":true,"href":"https:\/\/usc-bogensport-ffo.de\/index.php?rest_route=\/wp\/v2\/users\/1"}],"replies":[{"embeddable":true,"href":"https:\/\/usc-bogensport-ffo.de\/index.php?rest_route=%2Fwp%2Fv2%2Fcomments&post=152"}],"version-history":[{"count":25,"href":"https:\/\/usc-bogensport-ffo.de\/index.php?rest_route=\/wp\/v2\/pages\/152\/revisions"}],"predecessor-version":[{"id":2888,"href":"https:\/\/usc-bogensport-ffo.de\/index.php?rest_route=\/wp\/v2\/pages\/152\/revisions\/2888"}],"wp:attachment":[{"href":"https:\/\/usc-bogensport-ffo.de\/index.php?rest_route=%2Fwp%2Fv2%2Fmedia&parent=152"}],"curies":[{"name":"wp","href":"https:\/\/api.w.org\/{rel}","templated":true}]}}