{"id":21,"date":"2014-01-28T01:37:02","date_gmt":"2014-01-28T00:37:02","guid":{"rendered":"http:\/\/oderaner.de\/usc\/?page_id=21"},"modified":"2025-02-26T09:54:44","modified_gmt":"2025-02-26T08:54:44","slug":"links","status":"publish","type":"page","link":"https:\/\/usc-bogensport-ffo.de\/?page_id=21","title":{"rendered":"Links"},"content":{"rendered":"<p align=\"left\">\u00a0<\/p>\n<p align=\"left\"><a title=\"USC Viadrina\" href=\"http:\/\/usc-viadrina.de\/\">USC-Viadrina e.V.<\/a><\/p>\n<p>\u00a0<strong>Vereins- und Trainingskleidung\u00a0 bei<\/strong><\/p>\n<p><a href=\"https:\/\/www.xn--teamsport-knig-5pb.de\/vereinskollektion\/usc-viadrina\/bogensport\/\">Teamsport-K\u00f6nig<\/a><\/p>\n<p><strong>H\u00e4ndler bei den wir regelm\u00e4\u00dfig einkaufen:<\/strong><\/p>\n<p><a href=\"http:\/\/www.sherwood-bogensport.de\" target=\"_blank\" rel=\"noopener noreferrer\">http:\/\/www.sherwood-bogensport.de<\/a><\/p>\n<p><a href=\"http:\/\/www.bogensport-schliebener.de\" target=\"_blank\" rel=\"noopener noreferrer\">http:\/\/www.bogensport-schliebener.de<\/a><\/p>\n<p><a href=\"https:\/\/eastonarchery.com\/selector\/\">SHAFT SELECTOR EASTON<\/a><\/p>\n<p>&nbsp;<\/p>\n<p><strong>Bogensportverb\u00e4nde:<\/strong><\/p>\n<p><a href=\"http:\/\/www.adh.de\">adh &#8211; allgemeiner deutscher hochschulsportverband<\/a><\/p>\n<p><a href=\"http:\/\/www.bsb-web.de\">Brandenburgischer Sch\u00fctzenbund<\/a><\/p>\n<p><a href=\"http:\/\/www.dsb.de\">Deutscher Sch\u00fctzenbund<\/a><\/p>\n<p><strong>Bogensport &#8211; Vereine:<\/strong><\/p>\n<p><a href=\"http:\/\/www.bogenbrb.de\" target=\"_blank\" rel=\"noopener noreferrer\">http:\/\/www.bogenbrb.de<\/a><\/p>\n<p><a href=\"http:\/\/lspbogen-bsb.de\/index.html\" target=\"_blank\" rel=\"noopener noreferrer\">Landesst\u00fctzpunkt Bogen<\/a><\/p>\n<p>\u00a0<strong>Schulferien &#8211; Brandenburg:<\/strong><\/p>\n<p><a href=\"http:\/\/www.schulferien.org\/Brandenburg\/brandenburg.html\" target=\"_blank\" rel=\"noopener noreferrer\">http:\/\/www.schulferien.org\/Brandenburg\/brandenburg.html<\/a><\/p>\n<p>&nbsp;<\/p>\n","protected":false},"excerpt":{"rendered":"<p align=\"left\">\u00a0<\/p>\n<p align=\"left\"><a title=\"USC Viadrina\" href=\"http:\/\/usc-viadrina.de\/\">USC-Viadrina e.V.<\/a><\/p>\n<p>\u00a0<strong>Vereins- und Trainingskleidung\u00a0 bei<\/strong><\/p>\n<p><a href=\"https:\/\/www.xn--teamsport-knig-5pb.de\/vereinskollektion\/usc-viadrina\/bogensport\/\">Teamsport-K\u00f6nig<\/a><\/p>\n<p><strong>H\u00e4ndler bei den wir regelm\u00e4\u00dfig einkaufen:<\/strong><\/p>\n<p><a href=\"http:\/\/www.sherwood-bogensport.de\" target=\"_blank\" rel=\"noopener noreferrer\">http:\/\/www.sherwood-bogensport.de<\/a><\/p>\n<p><a href=\"http:\/\/www.bogensport-schliebener.de\" target=\"_blank\" rel=\"noopener noreferrer\">http:\/\/www.bogensport-schliebener.de<\/a><\/p>\n<p><a href=\"https:\/\/eastonarchery.com\/selector\/\">SHAFT SELECTOR EASTON<\/a><\/p>\n<p>&nbsp;<\/p>\n<p><strong>Bogensportverb\u00e4nde:<\/strong><\/p>\n<p><a href=\"http:\/\/www.adh.de\">adh &#8211; allgemeiner deutscher hochschulsportverband<\/a><\/p>\n<p><a href=\"http:\/\/www.bsb-web.de\">Brandenburgischer Sch\u00fctzenbund<\/a><\/p>\n<p><a href=\"http:\/\/www.dsb.de\">Deutscher Sch\u00fctzenbund<\/a><\/p>\n<p><strong>Bogensport &#8211; Vereine:<\/strong><\/p>\n<p><a href=\"http:\/\/www.bogenbrb.de\" target=\"_blank\" rel=\"noopener &hellip; <\/p>\n<p><a class=\"more-link btn\" href=\"https:\/\/usc-bogensport-ffo.de\/?page_id=21\">Weiterlesen<\/a><\/p>\n<p><\/a><\/p>\n","protected":false},"author":1,"featured_media":0,"parent":0,"menu_order":0,"comment_status":"closed","ping_status":"closed","template":"","meta":{"_mc_calendar":[],"footnotes":""},"class_list":["post-21","page","type-page","status-publish","hentry","nodate","item-wrap"],"_links":{"self":[{"href":"https:\/\/usc-bogensport-ffo.de\/index.php?rest_route=\/wp\/v2\/pages\/21","targetHints":{"allow":["GET"]}}],"collection":[{"href":"https:\/\/usc-bogensport-ffo.de\/index.php?rest_route=\/wp\/v2\/pages"}],"about":[{"href":"https:\/\/usc-bogensport-ffo.de\/index.php?rest_route=\/wp\/v2\/types\/page"}],"author":[{"embeddable":true,"href":"https:\/\/usc-bogensport-ffo.de\/index.php?rest_route=\/wp\/v2\/users\/1"}],"replies":[{"embeddable":true,"href":"https:\/\/usc-bogensport-ffo.de\/index.php?rest_route=%2Fwp%2Fv2%2Fcomments&post=21"}],"version-history":[{"count":47,"href":"https:\/\/usc-bogensport-ffo.de\/index.php?rest_route=\/wp\/v2\/pages\/21\/revisions"}],"predecessor-version":[{"id":2881,"href":"https:\/\/usc-bogensport-ffo.de\/index.php?rest_route=\/wp\/v2\/pages\/21\/revisions\/2881"}],"wp:attachment":[{"href":"https:\/\/usc-bogensport-ffo.de\/index.php?rest_route=%2Fwp%2Fv2%2Fmedia&parent=21"}],"curies":[{"name":"wp","href":"https:\/\/api.w.org\/{rel}","templated":true}]}}