{"id":95,"date":"2014-01-28T23:26:02","date_gmt":"2014-01-28T22:26:02","guid":{"rendered":"http:\/\/oderaner.de\/usc\/?page_id=95"},"modified":"2026-01-27T18:00:05","modified_gmt":"2026-01-27T17:00:05","slug":"termine","status":"publish","type":"page","link":"https:\/\/usc-bogensport-ffo.de\/?page_id=95","title":{"rendered":"Termine"},"content":{"rendered":"<h1>Trainingszeiten:<\/h1>\n<h2>Im Winter:<\/h2>\n<h4>Sporthalle des St\u00e4dtischen Gymnasiums I, Karl-Liebkneckt in der Wieckestra\u00dfe 1, 15230 Frankfurt (Oder)<\/h4>\n<table style=\"width: 80.5022%; height: 335px;\">\n<tbody>\n<tr style=\"height: 10px;\">\n<td style=\"width: 24.0351%; height: 61px; text-align: left;\">Montag<\/td>\n<td style=\"width: 42.6316%; height: 61px; text-align: left;\">16:00 &#8211; 18:00 Uhr<\/td>\n<td style=\"width: 33.6579%; height: 61px; text-align: left;\">\n<p>alle<\/p>\n<\/td>\n<\/tr>\n<tr style=\"height: 10px;\">\n<td style=\"width: 24.0351%; height: 66px; text-align: left;\">Dienstag<\/td>\n<td style=\"width: 42.6316%; height: 66px; text-align: left;\">\n<p>17:00 &#8211; 18:00 Uhr<br \/>\n20:00 &#8211; 21:30 Uhr<\/p>\n<\/td>\n<td style=\"width: 33.6579%; height: 66px; text-align: left;\">\n<p>Kinder und Jugend<br \/>\nErwachsene<\/p>\n<\/td>\n<\/tr>\n<tr style=\"height: 10px;\">\n<td style=\"width: 24.0351%; height: 62px; text-align: left;\">Mittwoch<\/td>\n<td style=\"width: 42.6316%; height: 62px; text-align: left;\">17:00 &#8211; 19:00 Uhr<\/td>\n<td style=\"width: 33.6579%; height: 62px; text-align: left;\">\n<p>alle<\/p>\n<\/td>\n<\/tr>\n<tr style=\"height: 10px;\">\n<td style=\"width: 24.0351%; height: 85px; text-align: left;\">Freitag<\/td>\n<td style=\"width: 42.6316%; height: 85px; text-align: left;\">\n<p>16:00 &#8211; 18:30 Uhr<\/p>\n<\/td>\n<td style=\"width: 33.6579%; height: 85px; text-align: left;\">alle<\/td>\n<\/tr>\n<tr style=\"height: 10px;\">\n<td style=\"width: 24.0351%; height: 61px; text-align: left;\">Samstag<\/td>\n<td style=\"width: 42.6316%; height: 61px; text-align: left;\">\n<p>11:00-13:00 Uhr<\/p>\n<\/td>\n<td style=\"width: 33.6579%; height: 61px; text-align: left;\">nach Bedarf<\/td>\n<\/tr>\n<\/tbody>\n<\/table>\n<p>Wegbeschreibung auf Google Maps\u00a0 <a title=\"Google Maps \" href=\"https:\/\/goo.gl\/maps\/QXn5y7Kfoh52\" target=\"_blank\" rel=\"noopener\">&lt;&lt;Hier&gt;&gt;<\/a><\/p>\n<h2>\nIm Sommer:<\/h2>\n<h4>Schie\u00dfplatz, rechts neben dem Parkplatz August-Bebel-Str. 12 (Einfahrt \u00fcber die Witzlebenstra\u00dfe)<\/h4>\n<table style=\"width: 76.2888%; height: 113px;\">\n<tbody>\n<tr style=\"height: 10px;\">\n<td style=\"width: 24.2123%; height: 10px; text-align: left;\">Montag<\/td>\n<td style=\"width: 42.6202%; height: 10px; text-align: left;\">16:00 &#8211; 17:00 Uhr (Kinder)<br \/>\n17:00 &#8211; 18:00Uhr (Erwachsene)<\/td>\n<\/tr>\n<tr style=\"height: 10px;\">\n<td style=\"width: 24.2123%; height: 37px; text-align: left;\">Dienstag<\/td>\n<td style=\"width: 42.6202%; height: 37px; text-align: left;\">16:00 &#8211; 17:00 Uhr (Kinder)<br \/>\n17:00 &#8211; 18:00Uhr (Erwachsene)<\/p>\n<\/td>\n<\/tr>\n<tr>\n<td style=\"width: 24.2123%; text-align: left;\">Mittwoch<\/td>\n<td style=\"width: 42.6202%; text-align: left;\">17:00 &#8211; 18:00 Uhr (alle)<\/p>\n<\/td>\n<\/tr>\n<tr style=\"height: 10px;\">\n<td style=\"width: 24.2123%; height: 66px; text-align: left;\">Freitag<\/td>\n<td style=\"width: 42.6202%; height: 66px; text-align: left;\">16:00 &#8211; 17:30 Uhr (alle)<\/td>\n<\/tr>\n<\/tbody>\n<\/table>\n<p>&nbsp;<\/p>\n<p>Wegbeschreibung auf Google Maps\u00a0 <a href=\"https:\/\/maps.google.de\/maps?q=52.347253,14.520036&amp;num=1&amp;t=h&amp;ie=UTF8&amp;ll=52.346817,14.520267&amp;spn=0.002294,0.00456&amp;z=17&amp;source=embed\">&lt;&lt;Hier&gt;&gt;<\/a><\/p>\n<p>&nbsp;<\/p>\n<p>&nbsp;<\/p>\n<p>&nbsp;<\/p>\n<p>&nbsp;<\/p>\n","protected":false},"excerpt":{"rendered":"<p>Trainingszeiten: Im Winter: Sporthalle des St\u00e4dtischen Gymnasiums I, Karl-Liebkneckt in der Wieckestra\u00dfe 1, 15230 Frankfurt (Oder) Montag 16:00 &#8211; 18:00 Uhr <\/p>\n<p>alle<\/p>\n<p> Dienstag <\/p>\n<p>17:00 &#8211; 18:00 Uhr 20:00 &#8211; 21:30 Uhr<\/p>\n<p>Kinder und Jugend Erwachsene<\/p>\n<p> Mittwoch 17:00 &#8211; 19:00 Uhr <\/p>\n<p>alle<\/p>\n<p> Freitag <\/p>\n<p>16:00 &#8211; 18:30 Uhr<\/p>\n<p> alle Samstag <\/p>\n<p>11:00-13:00 Uhr<\/p>\n<p> nach Bedarf <\/p>\n<p>Wegbeschreibung auf Google &hellip; <\/p>\n<p><a class=\"more-link btn\" href=\"https:\/\/usc-bogensport-ffo.de\/?page_id=95\">Weiterlesen<\/a><\/p>\n","protected":false},"author":1,"featured_media":0,"parent":0,"menu_order":0,"comment_status":"closed","ping_status":"closed","template":"","meta":{"_mc_calendar":[],"footnotes":""},"class_list":["post-95","page","type-page","status-publish","hentry","nodate","item-wrap"],"_links":{"self":[{"href":"https:\/\/usc-bogensport-ffo.de\/index.php?rest_route=\/wp\/v2\/pages\/95","targetHints":{"allow":["GET"]}}],"collection":[{"href":"https:\/\/usc-bogensport-ffo.de\/index.php?rest_route=\/wp\/v2\/pages"}],"about":[{"href":"https:\/\/usc-bogensport-ffo.de\/index.php?rest_route=\/wp\/v2\/types\/page"}],"author":[{"embeddable":true,"href":"https:\/\/usc-bogensport-ffo.de\/index.php?rest_route=\/wp\/v2\/users\/1"}],"replies":[{"embeddable":true,"href":"https:\/\/usc-bogensport-ffo.de\/index.php?rest_route=%2Fwp%2Fv2%2Fcomments&post=95"}],"version-history":[{"count":205,"href":"https:\/\/usc-bogensport-ffo.de\/index.php?rest_route=\/wp\/v2\/pages\/95\/revisions"}],"predecessor-version":[{"id":3059,"href":"https:\/\/usc-bogensport-ffo.de\/index.php?rest_route=\/wp\/v2\/pages\/95\/revisions\/3059"}],"wp:attachment":[{"href":"https:\/\/usc-bogensport-ffo.de\/index.php?rest_route=%2Fwp%2Fv2%2Fmedia&parent=95"}],"curies":[{"name":"wp","href":"https:\/\/api.w.org\/{rel}","templated":true}]}}